{"id":7066,"date":"2020-09-03T08:07:25","date_gmt":"2020-09-03T08:07:25","guid":{"rendered":"https:\/\/www.flotsport.org\/?page_id=7066"},"modified":"2020-10-15T06:50:52","modified_gmt":"2020-10-15T06:50:52","slug":"impressum","status":"publish","type":"page","link":"https:\/\/www.flotsport.org\/index.php\/impressum\/","title":{"rendered":"Impressum"},"content":{"rendered":"<div id=\"modal-ready\"><p><strong>ANGABEN GEM\u00c4SS \u00a7 5 TMG<\/strong><\/p>\n<p>Die Internationale Vereinigung f\u00fcr Sport f\u00fcr Alle<\/p>\n<p><strong>TAFISA<\/strong><br \/>\nc\/o Commerzbank, Filiale H\u00f6chst<br \/>\nHostatostra\u00dfe 2<br \/>\n65929 Frankfurt am Main<br \/>\nGermany<\/p>\n<p>Vereinsregister: VR 9727<br \/>\nRegistergericht: Amtsgericht Frankfurt am Main<\/p>\n<p><strong>Vertreten durch:<\/strong><br \/>\n<strong>Wolfgang Baumann (Secretary General), Niedernhausen, Germany<\/strong><br \/>\n<strong>Herzel Hagay (Treasurer), Tel Aviv, Israel<\/strong><br \/>\n<strong>Prof. Dr. Ju-Ho Chang (President), Seoul, Korea<\/strong><\/p>\n<h3>KONTAKT<\/h3>\n<p>Telefon: +49 (0) 69 973 935 99 0<br \/>\nTelefax: +49 (0) 69 973 935 99 5<br \/>\nE-Mail: <a href=\"mailto:info@tafisa.org\">info@tafisa.org<\/a><\/p>\n<h3>UMSATZSTEUER-ID<\/h3>\n<p>Umsatzsteuer-Identifikationsnummer gem\u00e4\u00df \u00a7 27 a Umsatzsteuergesetz:<br \/>\n47 250 52 357<\/p>\n<h3>VERANTWORTLICH F\u00dcR DEN INHALT NACH \u00a7 55 ABS. 2 RSTV<\/h3>\n<p>Keri McDonald<br \/>\nTAFISA c\/o Commerzbank<br \/>\nHostatostra\u00dfe 2<br \/>\n65929 Frankfurt am Main<\/p>\n<h3>VERBRAUCHER\u00adSTREIT\u00adBEILEGUNG\/UNIVERSAL\u00adSCHLICHTUNGS\u00adSTELLE<\/h3>\n<p>Wir sind nicht bereit oder verpflichtet, an Streitbeilegungsverfahren vor einer Verbraucherschlichtungsstelle teilzunehmen.<\/p>\n<h3>HAFTUNG F\u00dcR INHALTE<\/h3>\n<p>Als Diensteanbieter sind wir gem\u00e4\u00df \u00a7 7 Abs.1 TMG f\u00fcr eigene Inhalte auf diesen Seiten nach den allgemeinen Gesetzen verantwortlich. Nach \u00a7\u00a7 8 bis 10 TMG sind wir als Diensteanbieter jedoch nicht verpflichtet, \u00fcbermittelte oder gespeicherte fremde Informationen zu \u00fcberwachen oder nach Umst\u00e4nden zu forschen, die auf eine rechtswidrige T\u00e4tigkeit hinweisen.<\/p>\n<p>Verpflichtungen zur Entfernung oder Sperrung der Nutzung von Informationen nach den allgemeinen Gesetzen bleiben hiervon unber\u00fchrt. Eine diesbez\u00fcgliche Haftung ist jedoch erst ab dem Zeitpunkt der Kenntnis einer konkreten Rechtsverletzung m\u00f6glich. Bei Bekanntwerden von entsprechenden Rechtsverletzungen werden wir diese Inhalte umgehend entfernen.<\/p>\n<h3>HAFTUNG F\u00dcR LINKS<\/h3>\n<p>Unser Angebot enth\u00e4lt Links zu externen Websites Dritter, auf deren Inhalte wir keinen Einfluss haben. Deshalb k\u00f6nnen wir f\u00fcr diese fremden Inhalte auch keine Gew\u00e4hr \u00fcbernehmen. F\u00fcr die Inhalte der verlinkten Seiten ist stets der jeweilige Anbieter oder Betreiber der Seiten verantwortlich. Die verlinkten Seiten wurden zum Zeitpunkt der Verlinkung auf m\u00f6gliche Rechtsverst\u00f6\u00dfe \u00fcberpr\u00fcft. Rechtswidrige Inhalte waren zum Zeitpunkt der Verlinkung nicht erkennbar.<\/p>\n<p>Eine permanente inhaltliche Kontrolle der verlinkten Seiten ist jedoch ohne konkrete Anhaltspunkte einer Rechtsverletzung nicht zumutbar. Bei Bekanntwerden von Rechtsverletzungen werden wir derartige Links umgehend entfernen.<\/p>\n<h3>URHEBERRECHT<\/h3>\n<p>Die durch die Seitenbetreiber erstellten Inhalte und Werke auf diesen Seiten unterliegen dem deutschen Urheberrecht. Die Vervielf\u00e4ltigung, Bearbeitung, Verbreitung und jede Art der Verwertung au\u00dferhalb der Grenzen des Urheberrechtes bed\u00fcrfen der schriftlichen Zustimmung des jeweiligen Autors bzw. Erstellers. Downloads und Kopien dieser Seite sind nur f\u00fcr den privaten, nicht kommerziellen Gebrauch gestattet.<\/p>\n<p>Soweit die Inhalte auf dieser Seite nicht vom Betreiber erstellt wurden, werden die Urheberrechte Dritter beachtet. Insbesondere werden Inhalte Dritter als solche gekennzeichnet. Sollten Sie trotzdem auf eine Urheberrechtsverletzung aufmerksam werden, bitten wir um einen entsprechenden Hinweis. Bei Bekanntwerden von Rechtsverletzungen werden wir derartige Inhalte umgehend entfernen.<\/p>\n<p>Quelle: <a href=\"https:\/\/www.e-recht24.de\/\">eRecht24<\/a><\/p>\n<p>The impressum also applies to the following social media profiles:<\/p>\n<p><strong>Facebook:<\/strong> <a href=\"https:\/\/www.facebook.com\/TafisaOffice\/\">https:\/\/www.facebook.com\/TafisaOffice\/<\/a><\/p>\n<p><strong>Twitter:<\/strong> <a href=\"https:\/\/twitter.com\/TafisaOffice\">https:\/\/twitter.com\/TafisaOffice<\/a><\/p>\n<p><strong>Instagram:<\/strong> <a href=\"https:\/\/www.instagram.com\/tafisaofficial\">https:\/\/www.instagram.com\/tafisaofficial<\/a><\/p>\n<p><strong>LinkedIn:<\/strong> <a href=\"https:\/\/www.linkedin.com\/company\/tafisa\">https:\/\/www.linkedin.com\/company\/tafisa<\/a><\/p>\n<p><strong>YouTube:<\/strong> <a href=\"https:\/\/www.youtube.com\/channel\/UCWjgAb2mh_dLi_QiUFokPWQ\">https:\/\/www.youtube.com\/channel\/UCWjgAb2mh_dLi_QiUFokPWQ<\/a><\/p>\n<p>&nbsp;<\/p>\n<\/div>","protected":false},"excerpt":{"rendered":"<p>ANGABEN GEM\u00c4SS \u00a7 5 TMG Die Internationale Vereinigung f\u00fcr Sport f\u00fcr Alle TAFISA c\/o Commerzbank, Filiale H\u00f6chst Hostatostra\u00dfe 2 65929 Frankfurt am Main Germany Vereinsregister: VR 9727 Registergericht: Amtsgericht Frankfurt am Main Vertreten durch: Wolfgang Baumann (Secretary General), Niedernhausen, Germany Herzel Hagay (Treasurer), Tel Aviv, Israel Prof. Dr. Ju-Ho Chang (President), Seoul, Korea KONTAKT Telefon: &hellip; <\/p>\n<p class=\"link-more\"><a href=\"https:\/\/www.flotsport.org\/index.php\/impressum\/\" class=\"more-link\">Read More <span class=\"screen-reader-text\"> &#8220;Impressum&#8221;<\/span><\/a><\/p>\n","protected":false},"author":1,"featured_media":0,"parent":0,"menu_order":0,"comment_status":"closed","ping_status":"open","template":"","meta":{"inline_featured_image":false,"_monsterinsights_skip_tracking":false,"_monsterinsights_sitenote_active":false,"_monsterinsights_sitenote_note":"","_monsterinsights_sitenote_category":0},"yoast_head":"<!-- This site is optimized with the Yoast SEO plugin v18.3 - https:\/\/yoast.com\/wordpress\/plugins\/seo\/ -->\n<title>Impressum - Flot Sport<\/title>\n<meta name=\"robots\" content=\"index, follow, max-snippet:-1, max-image-preview:large, max-video-preview:-1\" \/>\n<link rel=\"canonical\" href=\"https:\/\/www.flotsport.org\/index.php\/impressum\/\" \/>\n<meta property=\"og:locale\" content=\"en_GB\" \/>\n<meta property=\"og:type\" content=\"article\" \/>\n<meta property=\"og:title\" content=\"Impressum - Flot Sport\" \/>\n<meta property=\"og:description\" content=\"ANGABEN GEM\u00c4SS \u00a7 5 TMG Die Internationale Vereinigung f\u00fcr Sport f\u00fcr Alle TAFISA c\/o Commerzbank, Filiale H\u00f6chst Hostatostra\u00dfe 2 65929 Frankfurt am Main Germany Vereinsregister: VR 9727 Registergericht: Amtsgericht Frankfurt am Main Vertreten durch: Wolfgang Baumann (Secretary General), Niedernhausen, Germany Herzel Hagay (Treasurer), Tel Aviv, Israel Prof. Dr. Ju-Ho Chang (President), Seoul, Korea KONTAKT Telefon: &hellip; Read More &quot;Impressum&quot;\" \/>\n<meta property=\"og:url\" content=\"https:\/\/www.flotsport.org\/index.php\/impressum\/\" \/>\n<meta property=\"og:site_name\" content=\"Flot Sport\" \/>\n<meta property=\"article:modified_time\" content=\"2020-10-15T06:50:52+00:00\" \/>\n<meta name=\"twitter:card\" content=\"summary_large_image\" \/>\n<meta name=\"twitter:label1\" content=\"Estimated reading time\" \/>\n\t<meta name=\"twitter:data1\" content=\"2 minutes\" \/>\n<script type=\"application\/ld+json\" class=\"yoast-schema-graph\">{\"@context\":\"https:\/\/schema.org\",\"@graph\":[{\"@type\":\"WebSite\",\"@id\":\"https:\/\/www.flotsport.org\/#website\",\"url\":\"https:\/\/www.flotsport.org\/\",\"name\":\"Flot Sport\",\"description\":\"\",\"potentialAction\":[{\"@type\":\"SearchAction\",\"target\":{\"@type\":\"EntryPoint\",\"urlTemplate\":\"https:\/\/www.flotsport.org\/?s={search_term_string}\"},\"query-input\":\"required name=search_term_string\"}],\"inLanguage\":\"en-GB\"},{\"@type\":\"WebPage\",\"@id\":\"https:\/\/www.flotsport.org\/index.php\/impressum\/#webpage\",\"url\":\"https:\/\/www.flotsport.org\/index.php\/impressum\/\",\"name\":\"Impressum - Flot Sport\",\"isPartOf\":{\"@id\":\"https:\/\/www.flotsport.org\/#website\"},\"datePublished\":\"2020-09-03T08:07:25+00:00\",\"dateModified\":\"2020-10-15T06:50:52+00:00\",\"breadcrumb\":{\"@id\":\"https:\/\/www.flotsport.org\/index.php\/impressum\/#breadcrumb\"},\"inLanguage\":\"en-GB\",\"potentialAction\":[{\"@type\":\"ReadAction\",\"target\":[\"https:\/\/www.flotsport.org\/index.php\/impressum\/\"]}]},{\"@type\":\"BreadcrumbList\",\"@id\":\"https:\/\/www.flotsport.org\/index.php\/impressum\/#breadcrumb\",\"itemListElement\":[{\"@type\":\"ListItem\",\"position\":1,\"name\":\"Home\",\"item\":\"https:\/\/www.flotsport.org\/\"},{\"@type\":\"ListItem\",\"position\":2,\"name\":\"Impressum\"}]}]}<\/script>\n<!-- \/ Yoast SEO plugin. -->","yoast_head_json":{"title":"Impressum - Flot Sport","robots":{"index":"index","follow":"follow","max-snippet":"max-snippet:-1","max-image-preview":"max-image-preview:large","max-video-preview":"max-video-preview:-1"},"canonical":"https:\/\/www.flotsport.org\/index.php\/impressum\/","og_locale":"en_GB","og_type":"article","og_title":"Impressum - Flot Sport","og_description":"ANGABEN GEM\u00c4SS \u00a7 5 TMG Die Internationale Vereinigung f\u00fcr Sport f\u00fcr Alle TAFISA c\/o Commerzbank, Filiale H\u00f6chst Hostatostra\u00dfe 2 65929 Frankfurt am Main Germany Vereinsregister: VR 9727 Registergericht: Amtsgericht Frankfurt am Main Vertreten durch: Wolfgang Baumann (Secretary General), Niedernhausen, Germany Herzel Hagay (Treasurer), Tel Aviv, Israel Prof. Dr. Ju-Ho Chang (President), Seoul, Korea KONTAKT Telefon: &hellip; Read More \"Impressum\"","og_url":"https:\/\/www.flotsport.org\/index.php\/impressum\/","og_site_name":"Flot Sport","article_modified_time":"2020-10-15T06:50:52+00:00","twitter_card":"summary_large_image","twitter_misc":{"Estimated reading time":"2 minutes"},"schema":{"@context":"https:\/\/schema.org","@graph":[{"@type":"WebSite","@id":"https:\/\/www.flotsport.org\/#website","url":"https:\/\/www.flotsport.org\/","name":"Flot Sport","description":"","potentialAction":[{"@type":"SearchAction","target":{"@type":"EntryPoint","urlTemplate":"https:\/\/www.flotsport.org\/?s={search_term_string}"},"query-input":"required name=search_term_string"}],"inLanguage":"en-GB"},{"@type":"WebPage","@id":"https:\/\/www.flotsport.org\/index.php\/impressum\/#webpage","url":"https:\/\/www.flotsport.org\/index.php\/impressum\/","name":"Impressum - Flot Sport","isPartOf":{"@id":"https:\/\/www.flotsport.org\/#website"},"datePublished":"2020-09-03T08:07:25+00:00","dateModified":"2020-10-15T06:50:52+00:00","breadcrumb":{"@id":"https:\/\/www.flotsport.org\/index.php\/impressum\/#breadcrumb"},"inLanguage":"en-GB","potentialAction":[{"@type":"ReadAction","target":["https:\/\/www.flotsport.org\/index.php\/impressum\/"]}]},{"@type":"BreadcrumbList","@id":"https:\/\/www.flotsport.org\/index.php\/impressum\/#breadcrumb","itemListElement":[{"@type":"ListItem","position":1,"name":"Home","item":"https:\/\/www.flotsport.org\/"},{"@type":"ListItem","position":2,"name":"Impressum"}]}]}},"_links":{"self":[{"href":"https:\/\/www.flotsport.org\/index.php\/wp-json\/wp\/v2\/pages\/7066"}],"collection":[{"href":"https:\/\/www.flotsport.org\/index.php\/wp-json\/wp\/v2\/pages"}],"about":[{"href":"https:\/\/www.flotsport.org\/index.php\/wp-json\/wp\/v2\/types\/page"}],"author":[{"embeddable":true,"href":"https:\/\/www.flotsport.org\/index.php\/wp-json\/wp\/v2\/users\/1"}],"replies":[{"embeddable":true,"href":"https:\/\/www.flotsport.org\/index.php\/wp-json\/wp\/v2\/comments?post=7066"}],"version-history":[{"count":5,"href":"https:\/\/www.flotsport.org\/index.php\/wp-json\/wp\/v2\/pages\/7066\/revisions"}],"predecessor-version":[{"id":8767,"href":"https:\/\/www.flotsport.org\/index.php\/wp-json\/wp\/v2\/pages\/7066\/revisions\/8767"}],"wp:attachment":[{"href":"https:\/\/www.flotsport.org\/index.php\/wp-json\/wp\/v2\/media?parent=7066"}],"curies":[{"name":"wp","href":"https:\/\/api.w.org\/{rel}","templated":true}]}}